{"id":75,"date":"2016-01-08T12:17:56","date_gmt":"2016-01-08T11:17:56","guid":{"rendered":"http:\/\/pferdefreunde-weiten-gesaess.de\/?page_id=75"},"modified":"2026-03-17T10:02:58","modified_gmt":"2026-03-17T09:02:58","slug":"ueber-uns-2","status":"publish","type":"page","link":"https:\/\/pferdefreunde-weiten-gesaess.de\/index.php\/ueber-uns-2\/","title":{"rendered":"\u00dcber uns"},"content":{"rendered":"<p>Weiten-Ges\u00e4\u00df ist ein kleines Dorf im Herzen des Odenwaldes mit ca. 1.000 Einwohnern.<br \/>\nVon der Kernstadt Michelstadt liegt unser Ortsteil rund 7 km entfernt; auf einer H\u00f6henlage<br \/>\nvon 313 m. 2013 feierte unser Dorf seinen 900. Geburtstag.<\/p>\n<p>Der Reit-, Jagd- und Fahrverein Weiten-Ges\u00e4\u00df e.V. wurde am 03.05.2002 im Gasthaus<br \/>\n\u201eZur Eiche\u201c gegr\u00fcndet. Von den 26 Gr\u00fcndungsmitgliedern sind viele dem Verein bis<br \/>\nheute treu geblieben. Die Anzahl der Mitglieder ist inzwischen auf \u00fcber 60 angewachsen.<\/p>\n<p>Im Ort gibt es noch 4 weitere Vereine, mit denen wir z. B. bei Festen regelm\u00e4\u00dfig<br \/>\nzusammenarbeiten.<\/p>\n<p>Unser Verein steht in enger Kooperation mit dem Pferdehof M\u00fcller, dessen Reitanlage<br \/>\nder Einzelne individuell und wir als Verein f\u00fcr Lehrg\u00e4nge und Festveranstaltungen<br \/>\nregelm\u00e4\u00dfig nutzen d\u00fcrfen.Viele unserer jungen Reiter und Reiterinnen wurden und<br \/>\nwerden dort ausgebildet und nehmen auch erfolgreich an Turnieren teil.<\/p>\n<p>Ein H\u00f6hepunkt des Jahres ist unser Sommerfest am 1. Septemberwochenende.<br \/>\nUnsere G\u00e4ste d\u00fcrfen sich hierbei an 2 Tagen \u00fcber unser gutes und vielf\u00e4ltiges gastronomisches<br \/>\nAngebot sowie Musik, Tanz und Barbetrieb freuen. F\u00fcr den Sonntagnachmittag stellen wir allj\u00e4hrlich ein buntes Showprogramm rund ums Pferd zusammen.<\/p>\n","protected":false},"excerpt":{"rendered":"<p>Weiten-Ges\u00e4\u00df ist ein kleines Dorf im Herzen des Odenwaldes mit ca. 1.000 Einwohnern. Von der Kernstadt Michelstadt liegt unser Ortsteil rund 7 km entfernt; auf einer H\u00f6henlage von 313 m. 2013 feierte unser Dorf seinen 900. Geburtstag. Der Reit-, Jagd- und Fahrverein Weiten-Ges\u00e4\u00df e.V. wurde am 03.05.2002 im Gasthaus \u201eZur Eiche\u201c gegr\u00fcndet. Von den 26 [&hellip;]<\/p>\n","protected":false},"author":2,"featured_media":0,"parent":0,"menu_order":0,"comment_status":"closed","ping_status":"closed","template":"","meta":[],"_links":{"self":[{"href":"https:\/\/pferdefreunde-weiten-gesaess.de\/index.php\/wp-json\/wp\/v2\/pages\/75"}],"collection":[{"href":"https:\/\/pferdefreunde-weiten-gesaess.de\/index.php\/wp-json\/wp\/v2\/pages"}],"about":[{"href":"https:\/\/pferdefreunde-weiten-gesaess.de\/index.php\/wp-json\/wp\/v2\/types\/page"}],"author":[{"embeddable":true,"href":"https:\/\/pferdefreunde-weiten-gesaess.de\/index.php\/wp-json\/wp\/v2\/users\/2"}],"replies":[{"embeddable":true,"href":"https:\/\/pferdefreunde-weiten-gesaess.de\/index.php\/wp-json\/wp\/v2\/comments?post=75"}],"version-history":[{"count":6,"href":"https:\/\/pferdefreunde-weiten-gesaess.de\/index.php\/wp-json\/wp\/v2\/pages\/75\/revisions"}],"predecessor-version":[{"id":1375,"href":"https:\/\/pferdefreunde-weiten-gesaess.de\/index.php\/wp-json\/wp\/v2\/pages\/75\/revisions\/1375"}],"wp:attachment":[{"href":"https:\/\/pferdefreunde-weiten-gesaess.de\/index.php\/wp-json\/wp\/v2\/media?parent=75"}],"curies":[{"name":"wp","href":"https:\/\/api.w.org\/{rel}","templated":true}]}}